{"id":19,"date":"2020-03-24T16:08:19","date_gmt":"2020-03-24T16:08:19","guid":{"rendered":"http:\/\/www.analblekning.se\/?page_id=19"},"modified":"2020-03-24T16:08:19","modified_gmt":"2020-03-24T16:08:19","slug":"penisforstoring","status":"publish","type":"page","link":"http:\/\/www.analblekning.se\/index.php\/penisforstoring\/","title":{"rendered":"Penisf\u00f6rstoring"},"content":{"rendered":"<h1 id=\"page-81\">Penisf\u00f6rstoring<\/h1>\n<div class=\"extra\"><\/div>\n<div class=\"content\">\n<p>Det finns numera icke kirurgiska alternativ till\u00a0<a class=\"liexternal\" href=\"http:\/\/www.shytobuy.se\/penisforstoring.html\" target=\"_blank\" rel=\"noopener noreferrer\">penisf\u00f6rstoring<\/a>\u00a0f\u00f6r de m\u00e4n som vill ha en st\u00f6rre penis. Sj\u00e4lvklart ska man vara n\u00f6jd med det man har, och storleken har inte betydelse dock finns det numera alternativ f\u00f6r de som trots allt inte \u00e4r n\u00f6jda. Detta inneb\u00e4r s\u00e5 kallade icke invasiva alternativ. Nedan har vi listat de olika alternativ f\u00f6r penisf\u00f6rstoring som finns p\u00e5 marknaden.<br \/>\n<strong>Penispumpar<\/strong>: Skapar ett vakuum kring penisen som g\u00f6r att blodfl\u00f6det \u00f6kar. Du placerar en plasttub kring penisen d\u00e4r du sakta pumpar ut luften s\u00e5 att det blir luftt\u00e4tt, ett vakuum. Detta \u00f6kade blodfl\u00f6de kan ge en h\u00e5rdare erektion tillf\u00e4lligt d\u00e5 den anv\u00e4nds, och en st\u00f6rre penis samt penisf\u00f6rstoring om du anv\u00e4nder den under en l\u00e4ngre period. Vissa kan v\u00e4lja att anv\u00e4nda dem precis innan samlag, just f\u00f6r att f\u00e5 en h\u00e5rdare och mer l\u00e5ngvarig erektion.<br \/>\n<strong>Penis extender<\/strong>: Dessa penisf\u00f6rstorare drar ut penisens v\u00e4vnad, dock beh\u00f6ver du anv\u00e4nda den under l\u00e4ngre stunder och under en l\u00e4ngre period f\u00f6r att f\u00e5 en penisf\u00f6rstoring. Detta f\u00f6r att penisens v\u00e4vnad m\u00e5ste uts\u00e4ttas f\u00f6r den utdragande effekten under en l\u00e4ngre tid f\u00f6r att bli l\u00e4ngre. Vissa kan du ha under l\u00f6st sittande kl\u00e4der, och under natten d\u00e5 du sover. De \u00e4r ofta uppbyggda av en st\u00e4llning som har gummiband fastsatta p\u00e5 sig, vilka s\u00e4tts fast kring penisroten och penistoppen.<br \/>\n<a class=\"liexternal\" href=\"http:\/\/www.shytobuy.se\/penisforstoring-penis-piller.html\" target=\"_blank\" rel=\"noopener noreferrer\"><strong>Penis piller<\/strong><\/a>: Det finns numera tabletter som anv\u00e4nds f\u00f6r att f\u00f6rstora penisen. De inneh\u00e5ller \u00e4mnen som tas upp av kroppen och bidrar till att blodcirkulationen i penisen \u00f6kar. Ett permanent \u00f6kat blodfl\u00f6de till penisen, g\u00f6r att v\u00e4vnaden expanderar varav du kan f\u00e5 en penisf\u00f6rstoring.<\/p>\n<p><strong>Oljor och kr\u00e4mer<\/strong>: Kr\u00e4mer och oljor kan anv\u00e4ndas under f\u00f6rspel, eller innan samlag. Detta d\u00e5 man med hj\u00e4lp av en kr\u00e4m eller olja, vanligtvis inneh\u00e5llande \u00e4mnet L-arginin kan \u00f6ka blodfl\u00f6det till den plats man sm\u00f6rjer in den p\u00e5. Oljor och kr\u00e4mer har \u00e4mnen som inte irriterar penisens k\u00e4nsliga hud, och kan sedan ge dig en h\u00e5rdare erektion som varar l\u00e4ngre. Detta f\u00e5r \u00e4ven penisen att se st\u00f6rre ut och ger d\u00e5 en kortvarig penisf\u00f6rstoring och st\u00f6rre penis.<br \/>\nVi har provat lite olika produkter i dessa kategorier \u00e4mnade f\u00f6r penisf\u00f6rstoring, och upplever att beroende p\u00e5 hur mycket tid man vill spendera \u00e4r olika alternativ olika bra. En penisextender och penispump kan ta tid, men detta tycker vi \u00e4r det effektivaste s\u00e4ttet att f\u00e5 en penisf\u00f6rstoring p\u00e5. Vill man under tiden f\u00e5 en st\u00f6rre penis och en h\u00e5rdare erektion \u00e4r en olja att f\u00f6redra eller en smaksatt kr\u00e4m om man vill f\u00e5 det trevligare \u00e4ven f\u00f6r sin partner. B\u00e5da kan \u00e4ven med f\u00f6rdel anv\u00e4ndas under ett f\u00f6rspel.<\/p>\n<\/div>\n","protected":false},"excerpt":{"rendered":"<p>Penisf\u00f6rstoring Det finns numera icke kirurgiska alternativ till\u00a0penisf\u00f6rstoring\u00a0f\u00f6r de m\u00e4n som vill ha en st\u00f6rre penis. Sj\u00e4lvklart ska man vara n\u00f6jd med det man har, och storleken har inte betydelse dock finns det numera alternativ f\u00f6r de som trots allt &hellip; <a href=\"http:\/\/www.analblekning.se\/index.php\/penisforstoring\/\">Continue reading <span class=\"meta-nav\">&rarr;<\/span><\/a><\/p>\n","protected":false},"author":1,"featured_media":0,"parent":0,"menu_order":0,"comment_status":"closed","ping_status":"open","template":"","meta":[],"_links":{"self":[{"href":"http:\/\/www.analblekning.se\/index.php\/wp-json\/wp\/v2\/pages\/19"}],"collection":[{"href":"http:\/\/www.analblekning.se\/index.php\/wp-json\/wp\/v2\/pages"}],"about":[{"href":"http:\/\/www.analblekning.se\/index.php\/wp-json\/wp\/v2\/types\/page"}],"author":[{"embeddable":true,"href":"http:\/\/www.analblekning.se\/index.php\/wp-json\/wp\/v2\/users\/1"}],"replies":[{"embeddable":true,"href":"http:\/\/www.analblekning.se\/index.php\/wp-json\/wp\/v2\/comments?post=19"}],"version-history":[{"count":1,"href":"http:\/\/www.analblekning.se\/index.php\/wp-json\/wp\/v2\/pages\/19\/revisions"}],"predecessor-version":[{"id":22,"href":"http:\/\/www.analblekning.se\/index.php\/wp-json\/wp\/v2\/pages\/19\/revisions\/22"}],"wp:attachment":[{"href":"http:\/\/www.analblekning.se\/index.php\/wp-json\/wp\/v2\/media?parent=19"}],"curies":[{"name":"wp","href":"https:\/\/api.w.org\/{rel}","templated":true}]}}