{"id":30,"date":"2020-03-25T21:15:54","date_gmt":"2020-03-25T21:15:54","guid":{"rendered":"http:\/\/www.analblekning.se\/?page_id=30"},"modified":"2020-03-25T21:22:55","modified_gmt":"2020-03-25T21:22:55","slug":"hem","status":"publish","type":"page","link":"http:\/\/www.analblekning.se\/","title":{"rendered":"Hem"},"content":{"rendered":"<div class=\"apost product product-2\">\n<div class=\"content\">\n<p><img loading=\"lazy\" class=\"alignnone size-full wp-image-11\" src=\"http:\/\/www.analblekning.se\/wp-content\/uploads\/2020\/03\/Analblekning.jpg\" alt=\"Analblekning\" width=\"829\" height=\"150\" srcset=\"http:\/\/www.analblekning.se\/wp-content\/uploads\/2020\/03\/Analblekning.jpg 829w, http:\/\/www.analblekning.se\/wp-content\/uploads\/2020\/03\/Analblekning-300x54.jpg 300w, http:\/\/www.analblekning.se\/wp-content\/uploads\/2020\/03\/Analblekning-768x139.jpg 768w, http:\/\/www.analblekning.se\/wp-content\/uploads\/2020\/03\/Analblekning-500x90.jpg 500w\" sizes=\"(max-width: 829px) 100vw, 829px\" \/><\/p>\n<p><a href=\"http:\/\/www.shytobuy.se\/analsex.html\" target=\"_blank\" rel=\"noopener noreferrer\">Analblekning<\/a>, eller \u201canal bleaching\u201d som det heter p\u00e5 engelska, \u00e4r en process som ger huden en ljusare f\u00e4rg runt anus. Det eliminerar missf\u00e4rgningar till f\u00f6ljd av \u00e5ldrande, utsl\u00e4pp av avf\u00f6ring och hormonella f\u00f6r\u00e4ndringar under graviditeten. Det g\u00f6rs av kosmetiska \u00e4ndam\u00e5l, f\u00f6r att g\u00f6ra anus mer enhetligt med det omgivande omr\u00e5det.<\/p>\n<p><strong>Processen runt analblekning<\/strong><br \/>\nVissa behandlingar g\u00f6rs p\u00e5 klinik med en medicinsk tekniker, medan andra ges som ett recept med en kr\u00e4m eller salva som skall till\u00e4mpas p\u00e5 det aktuella omr\u00e5det.<\/p>\n<p>Hudblekningskr\u00e4m finns \u00e4ven \u00f6ver disk. Hydrokinonkr\u00e4mer kan anv\u00e4ndas f\u00f6r att minimera fl\u00e4ckar som uppst\u00e5r p\u00e5 grund av solexponering, \u00e5lder och p-piller kontroll. Av detta sk\u00e4l \u00e4r de ofta intergrerade med solskyddsmedel.\u00a0Dock misst\u00e4nker man att hydrokinon \u00e4r\u00a0cancerframkallande och det\u00a0har d\u00e4rf\u00f6r f\u00f6rbjudits av flera l\u00e4nder.<\/p>\n<p><strong>Anv\u00e4ndning av analblekning<\/strong><br \/>\nAnalblekning anv\u00e4ndes tidigt av porrfilmsstj\u00e4rnor f\u00f6r att f\u00f6rb\u00e4ttra analutseendet i deras filmer. Allt eftersom populariteten f\u00f6r bikini vaxning v\u00e4xte (speciellt den ytterst avsl\u00f6jande brasilianska vaxningen), b\u00f6rjade kunderna att m\u00e4rka att deras anala omr\u00e5det var m\u00f6rkare \u00e4n den omgivande huden, vilket skapade en annan marknad f\u00f6r analblekning.<\/p>\n<p>Det \u00e4r \u00e4n s\u00e5 l\u00e4nge sv\u00e5rt att hitta analblekningskliniker i Sverige, men det finns alternativ f\u00f6r analblekning hemma.<\/p>\n<p>Vi har provat en produkt som heter\u00a0<a class=\"liexternal\" href=\"http:\/\/www.shytobuy.se\/starwhite-blekande-kram.html\" target=\"_blank\" rel=\"noopener noreferrer\">Star White<\/a>\u00a0som har fungerat v\u00e4ldigt bra, den var mild (ingen hudirritation) och effektivt blekande.<\/p>\n<\/div>\n<\/div>\n<div class=\"apost product product-2\">\n<div class=\"media media-left\"><\/div>\n<div class=\"content\">\n<p><a class=\"liexternal\" title=\"L\u00e4nkkatalog\" href=\"http:\/\/www.favoritlistan.se\/default.aspx?link=6002\">Favoritlistan.se<\/a><br \/>\n<a class=\"liexternal\" href=\"http:\/\/www.gulnet.se\/\">Gulnet.se<\/a><br \/>\n<a class=\"liexternal\" href=\"http:\/\/www.svenskasidor.nu\/\">Svenskasidor.nu<\/a><br \/>\n<a class=\"liexternal\" href=\"http:\/\/www.surfguiden.se\/\">Surfguiden \u2013 Sveriges b\u00e4sta surfkatalog<\/a><\/p>\n<\/div>\n<\/div>\n","protected":false},"excerpt":{"rendered":"<p>Analblekning, eller \u201canal bleaching\u201d som det heter p\u00e5 engelska, \u00e4r en process som ger huden en ljusare f\u00e4rg runt anus. Det eliminerar missf\u00e4rgningar till f\u00f6ljd av \u00e5ldrande, utsl\u00e4pp av avf\u00f6ring och hormonella f\u00f6r\u00e4ndringar under graviditeten. Det g\u00f6rs av kosmetiska \u00e4ndam\u00e5l, &hellip; <a href=\"http:\/\/www.analblekning.se\/\">Continue reading <span class=\"meta-nav\">&rarr;<\/span><\/a><\/p>\n","protected":false},"author":1,"featured_media":0,"parent":0,"menu_order":0,"comment_status":"closed","ping_status":"open","template":"","meta":[],"_links":{"self":[{"href":"http:\/\/www.analblekning.se\/index.php\/wp-json\/wp\/v2\/pages\/30"}],"collection":[{"href":"http:\/\/www.analblekning.se\/index.php\/wp-json\/wp\/v2\/pages"}],"about":[{"href":"http:\/\/www.analblekning.se\/index.php\/wp-json\/wp\/v2\/types\/page"}],"author":[{"embeddable":true,"href":"http:\/\/www.analblekning.se\/index.php\/wp-json\/wp\/v2\/users\/1"}],"replies":[{"embeddable":true,"href":"http:\/\/www.analblekning.se\/index.php\/wp-json\/wp\/v2\/comments?post=30"}],"version-history":[{"count":2,"href":"http:\/\/www.analblekning.se\/index.php\/wp-json\/wp\/v2\/pages\/30\/revisions"}],"predecessor-version":[{"id":33,"href":"http:\/\/www.analblekning.se\/index.php\/wp-json\/wp\/v2\/pages\/30\/revisions\/33"}],"wp:attachment":[{"href":"http:\/\/www.analblekning.se\/index.php\/wp-json\/wp\/v2\/media?parent=30"}],"curies":[{"name":"wp","href":"https:\/\/api.w.org\/{rel}","templated":true}]}}